{"id":369,"date":"2022-12-02T18:10:33","date_gmt":"2022-12-02T18:10:33","guid":{"rendered":"https:\/\/cialmaseg.com\/?page_id=369"},"modified":"2022-12-05T10:37:07","modified_gmt":"2022-12-05T10:37:07","slug":"politica-de-tratamiento-de-datos-personales","status":"publish","type":"page","link":"https:\/\/cialmaseg.com\/en\/politica-de-tratamiento-de-datos-personales","title":{"rendered":"Pol\u00edtica de tratamiento de datos personales"},"content":{"rendered":"\n<p>\u00a0<\/p>\n<p><strong>1. NORMATIVIDAD LEGAL Y \u00c1MBITO DE APLICACI\u00d3N:<\/strong> La presente pol\u00edtica de Tratamiento de datos personales es elaborada de conformidad con lo dispuesto en la Constituci\u00f3n Pol\u00edtica, la Ley 1581 de 2012, el Decreto Reglamentario 1377 de 2013 y dem\u00e1s disposiciones complementarias y ser\u00e1 aplicada a la empresa <strong>C.I. ALMASEG S.A.<\/strong> respecto de la recolecci\u00f3n, almacenamiento, uso, circulaci\u00f3n, supresi\u00f3n y de todas aquellas actividades que constituyan tratamiento de datos personales.<\/p>\n<p><strong>2. DEFINICIONES:<\/strong> Para efectos de la ejecuci\u00f3n de la presente pol\u00edtica y de conformidad con la\u00a0 normatividad legal, ser\u00e1n aplicables las siguientes definiciones: <strong>a) Autorizaci\u00f3n:<\/strong> Consentimiento previo, expreso e informado del Titular para llevar a cabo el Tratamiento de datos personales; <strong>b) <\/strong><strong>Aviso de privacidad:<\/strong> Documento f\u00edsico, electr\u00f3nico o en cualquier otro formato generado por el Responsable que se pone a disposici\u00f3n del Titular para el tratamiento de sus datos personales. En el Aviso de Privacidad se comunica al Titular la informaci\u00f3n relativa a la existencia de las pol\u00edticas de tratamiento de informaci\u00f3n que le ser\u00e1n aplicables, la forma de acceder a las mismas y la finalidad del tratamiento que se pretende dar a los datos personales; <strong>c) Base de Datos:<\/strong> Conjunto organizado de datos personales que sea objeto de Tratamiento; <strong>d) Dato personal:<\/strong> Cualquier informaci\u00f3n vinculada o que pueda asociarse a una o varias personas naturales determinadas o determinables; <strong>e) Dato p\u00fablico:<\/strong> Es el dato calificado como tal seg\u00fan los mandatos de la ley o de la Constituci\u00f3n Pol\u00edtica y aquel que no sea semiprivado, privado o sensible. Son p\u00fablicos, entre otros, los datos relativos al estado civil de las personas, a su profesi\u00f3n u oficio, a su calidad de comerciante o de servidor p\u00fablico y aquellos que puedan obtenerse sin reserva alguna. Por su naturaleza, los datos p\u00fablicos pueden estar contenidos, entre otros, en registros p\u00fablicos, documentos p\u00fablicos, gacetas y boletines oficiales; <strong>f) Dato privado:<\/strong> Es el dato que por su naturaleza \u00edntima o reservada s\u00f3lo es relevante para el titular; <strong>g) Datos sensibles:<\/strong> Se entiende por datos sensibles aquellos que afectan la intimidad del Titular o cuyo uso indebido puede generar su discriminaci\u00f3n, tales como aquellos que revelen el origen racial o \u00e9tnico, la orientaci\u00f3n pol\u00edtica, las convicciones religiosas o filos\u00f3ficas, la pertenencia a sindicatos, organizaciones sociales, de derechos humanos o que promueva intereses de cualquier partido pol\u00edtico o que garanticen los derechos y garant\u00edas de partidos pol\u00edticos de oposici\u00f3n, as\u00ed como los datos relativos a la salud, a la orientaci\u00f3n sexual y los datos biom\u00e9tricos; <strong>h) <\/strong><strong>Encargado del Tratamiento:<\/strong> Persona natural o jur\u00eddica, p\u00fablica o privada, que por s\u00ed misma o en asocio con otros, realice el Tratamiento de datos personales por cuenta del Responsable del Tratamiento; <strong>i) Responsable del Tratamiento:<\/strong> Persona natural o jur\u00eddica, p\u00fablica o privada, que por s\u00ed misma o en asocio con otros, decida sobre la base de datos y\/o el Tratamiento de los datos; <strong>j) <\/strong><strong>Titular:<\/strong> Persona natural cuyos datos personales sean objeto de Tratamiento; <strong>k) Tratamiento:<\/strong> Cualquier operaci\u00f3n o conjunto de operaciones sobre datos personales, tales como la recolecci\u00f3n, almacenamiento, uso, circulaci\u00f3n o supresi\u00f3n de los mismos.<\/p>\n<p><strong>3. FINALIDAD CON LA QUE SE EFECT\u00daA LA RECOLECCI\u00d3N DE DATOS PERSONALES Y TRATAMIENTO <\/strong><strong>DE ESTOS:<\/strong> La empresa <strong>C.I. ALMASEG S.A.<\/strong> podr\u00e1 hacer uso de los datos personales para:<\/p>\n<ol style=\"list-style-type: upper-alpha;\">\n<li>Realizar el desarrollo de su objeto social, as\u00ed como, las actividades de producci\u00f3n, comercializaci\u00f3n, importaci\u00f3n y exportaci\u00f3n de excedentes industriales y materiales ferrosos y no ferrosos en general.<\/li>\n<li>Dar a conocer material publicitario relacionado con los servicios que presta la empresa.<\/li>\n<li>Dar cumplimiento a las obligaciones adquiridas con nuestros clientes, proveedores y empleados.<\/li>\n<li>Gestiones administrativas, de cobros y pagos, de facturaci\u00f3n, de proveedores, clientes, econ\u00f3micas y contables.<\/li>\n<li>Reporte de informaci\u00f3n a entidades p\u00fablicas por mandato de la ley.<\/li>\n<\/ol>\n<p><strong>4. PRINCIPIOS APLICABLES AL TRATAMIENTO DE DATOS PERSONALES:<\/strong> El tratamiento de datos personales en la empresa <strong>C.I. ALMASEG S.A.<\/strong> se regir\u00e1 por los siguientes principios: <strong>a)<\/strong> Principio de finalidad: El Tratamiento de los datos personales recogidos debe obedecer a una finalidad leg\u00edtima, la cual debe ser informada al Titular; <strong>b)<\/strong> Principio de libertad: El Tratamiento s\u00f3lo puede llevarse a cabo con el consentimiento, previo, expreso e informado del Titular. Los datos personales no podr\u00e1n ser obtenidos o divulgados sin previa autorizaci\u00f3n, o en ausencia de mandato legal o judicial que releve el consentimiento; <strong>c)<\/strong> Principio de veracidad o calidad: La informaci\u00f3n sujeta a Tratamiento debe ser veraz, completa, exacta, actualizada, comprobable y comprensible. No ser\u00e1 efectuado el Tratamiento de datos parciales, incompletos, fraccionados o que induzcan a error; <strong>d)<\/strong> Principio de transparencia: En el Tratamiento debe garantizarse el derecho del Titular a obtener de la empresa <strong>C.I. ALMASEG S.A.<\/strong>, en cualquier momento y sin restricciones, informaci\u00f3n acerca de la existencia de datos que le conciernan; <strong>e)<\/strong> Principio de acceso y circulaci\u00f3n restringida: El Tratamiento se sujeta a los l\u00edmites que se derivan de la naturaleza de los datos personales, de las disposiciones de la presente ley y la Constituci\u00f3n. Los datos personales, salvo la informaci\u00f3n p\u00fablica, y lo dispuesto en la autorizaci\u00f3n otorgada por el titular del dato, no podr\u00e1n estar disponibles en Internet u otros medios de divulgaci\u00f3n o comunicaci\u00f3n masiva, salvo que el acceso sea t\u00e9cnicamente controlable para brindar un conocimiento restringido s\u00f3lo a los Titulares o terceros autorizados; <strong>f)<\/strong> Principio de seguridad: La informaci\u00f3n sujeta a Tratamiento por parte de la empresa <strong>C.I. ALMASEG S.A.<\/strong> se deber\u00e1 proteger mediante el uso de las medidas t\u00e9cnicas, humanas y administrativas que sean necesarias para otorgar seguridad a los registros evitando su adulteraci\u00f3n, p\u00e9rdida, consulta, uso o acceso no autorizado o fraudulento; <strong>g)<\/strong> Principio de confidencialidad: Todas las personas que intervengan en el Tratamiento de datos personales est\u00e1n obligadas a garantizar la reserva de la informaci\u00f3n, inclusive despu\u00e9s de finalizada su relaci\u00f3n con alguna de las labores que comprende el Tratamiento. <strong>PAR\u00c1GRAFO PRIMERO:<\/strong> En el evento que se recolecten datos personales sensibles, el Titular podr\u00e1 negarse a autorizar su Tratamiento.<br \/><br \/><\/p>\n<p><strong>5. TRATAMIENTO DATOS SENSIBLES:<\/strong> Dada la relevancia de alguna informaci\u00f3n para establecer contacto con nuestros clientes, proveedores y empleados, como puede ser la relacionada con la salud de la persona, resultados de diagn\u00f3sticos m\u00e9dicos, tratamientos y medicamentos, datos de preferencia, identidad y orientaci\u00f3n sexual, entre otros que pueden ser considerados datos sensibles, la empresa <strong>C.I. ALMASEG S.A.<\/strong>, garantizar\u00e1 que el tratamiento de esta informaci\u00f3n se realizar\u00e1 buscando establecer mecanismos que mejoren sus procesos de atenci\u00f3n, igualmente garantizando la privacidad de los mismos y en cumplimiento de las disposiciones contenidas en la Ley 1581 de 2012 y el cap\u00edtulo 25 del Decreto 1074 de 2015.<\/p>\n<p><strong>6. TRATAMIENTO DE DATOS PERSONALES DE MENORES DE EDAD:<\/strong> El Tratamiento de datos de menores de edad debe observar el cumplimiento y respeto a sus derechos. En caso de dar Tratamiento a Datos Personales de menores de edad, la empresa C.I. ALMASEG S.A., observar\u00e1 la regulaci\u00f3n aplicable y a los pronunciamientos de la Corte Constitucional en esta materia.<\/p>\n<p><strong>7. DERECHOS DE LOS TITULARES DE DATOS PERSONALES OBJETO DE TRATAMIENTO POR PARTE <\/strong><strong>DE LA EMPRESA C.I. ALMASEG S.A.:<\/strong> Los titulares de datos personales por s\u00ed o por intermedio de su representante y\/o apoderado o su causahabiente podr\u00e1n ejercer los siguientes derechos, respecto de los datos personales que sean objeto de tratamiento por parte de la empresa <strong>C.I. ALMASEG S.A.:<\/strong> <strong>a)<\/strong> Derecho de acceso: En virtud del cual podr\u00e1 acceder a los datos personales que est\u00e9n bajo el control de la empresa <strong>C.I. ALMASEG S.A.<\/strong>, para efectos de consultarlos de manera gratuita al menos una vez cada mes calendario, y cada vez que existan modificaciones sustanciales de las Pol\u00edticas de Tratamiento de la informaci\u00f3n que motiven nuevas consultas; <strong>b)<\/strong> Derecho de actualizaci\u00f3n, rectificaci\u00f3n y supresi\u00f3n: En virtud del cual podr\u00e1 solicitar la actualizaci\u00f3n, rectificaci\u00f3n y\/o supresi\u00f3n de los datos personales objeto de tratamiento, de tal manera que se satisfagan los prop\u00f3sitos del tratamiento; <strong>c)<\/strong> Derecho a solicitar prueba de la autorizaci\u00f3n: salvo en los eventos en los cuales, seg\u00fan las normas legales vigentes, no se requiera de la autorizaci\u00f3n para realizar el tratamiento; <strong>d)<\/strong> Derecho a ser informado respecto del uso del dato personal; <strong>e)<\/strong> Derecho a presentar quejas ante la Superintendencia de Industria y Comercio: por infracciones a lo dispuesto en la normatividad vigente sobre tratamiento de datos personales; <strong>f)<\/strong> Derecho a requerir el cumplimiento de las \u00f3rdenes emitidas por la Superintendencia de Industria y Comercio. <strong>PAR\u00c1GRAFO PRIMERO:<\/strong> Para efectos del ejercicio de los derechos antes descritos tanto el titular como la persona que lo represente deber\u00e1 demostrar su identidad y, de ser el caso, la calidad en virtud de la cual representa al titular. <strong>PAR\u00c1GRAFO SEGUNDO:<\/strong> Los derechos de los menores de edad ser\u00e1n ejercidos por medio de las personas que est\u00e9n facultadas para representarlos.<\/p>\n<p><strong>8. DEBERES DE LA EMPRESA C.I. ALMASEG S.A.:<\/strong> Todos los obligados a cumplir esta pol\u00edtica deben tener presente que la empresa <strong>C.I. ALMASEG S.A.<\/strong> est\u00e1 obligada a cumplir los deberes que al respecto imponga la ley. En consecuencia, se deben cumplir las siguientes obligaciones: <strong>A.<\/strong> Deberes cuando act\u00faa como responsable: <strong>(i)<\/strong> Solicitar y conservar, en las condiciones previstas en esta pol\u00edtica, copia de la respectiva autorizaci\u00f3n otorgada por el titular. <strong>(ii)<\/strong> Informar de manera clara y suficiente al titular sobre la finalidad de la recolecci\u00f3n y los derechos que le asisten por virtud de la autorizaci\u00f3n otorgada. <strong>(iii)<\/strong> Informar a solicitud del titular sobre el uso dado a sus datos personales <strong>(iv)<\/strong> Tramitar las consultas y reclamos formulados en los t\u00e9rminos se\u00f1alados en la presente pol\u00edtica (v) Procurar que los principios de veracidad, calidad, seguridad y confidencialidad en los t\u00e9rminos establecidos en la siguiente pol\u00edtica <strong>(vi)<\/strong> Conservar la informaci\u00f3n bajo las condiciones de seguridad necesarias para impedir su adulteraci\u00f3n, p\u00e9rdida, consulta, uso o acceso no autorizado o fraudulento. <strong>(vii)<\/strong> Actualizar la informaci\u00f3n cuando sea necesario. <strong>(viii)<\/strong> Rectificar los datos personales cuando ello sea procedente. <strong>B.<\/strong> Deberes cuando obra como Encargado del tratamiento de datos personales, Si realiza el tratamiento de datos en nombre de otra entidad u organizaci\u00f3n (Responsable del tratamiento) deber\u00e1 cumplir los siguientes deberes: <strong>(i)<\/strong> Establecer que el Responsable del tratamiento est\u00e9 autorizado para suministrar los datos personales que tratar\u00e1 como Encargado <strong>(ii)<\/strong> Garantizar al titular, en todo tiempo, el pleno y efectivo ejercicio del derecho de h\u00e1beas data. <strong>(iii)<\/strong> Conservar la informaci\u00f3n bajo las condiciones de seguridad necesarias para impedir su adulteraci\u00f3n, p\u00e9rdida, consulta, uso o acceso no autorizado o fraudulento. <strong>(iv)<\/strong> Realizar oportunamente la actualizaci\u00f3n, rectificaci\u00f3n o supresi\u00f3n de los datos. <strong>(v)<\/strong> Actualizar la informaci\u00f3n reportada por los Responsables del tratamiento dentro de los cinco <strong>(5)<\/strong> d\u00edas h\u00e1biles contados a partir de su recibo. <strong>(vi)<\/strong> Tramitar las consultas y los reclamos formulados por los titulares en los t\u00e9rminos se\u00f1alados en la presente pol\u00edtica. <strong>(vii)<\/strong> Registrar en la base de datos la leyenda \u201creclamo en tr\u00e1mite\u201d en la forma en que se establece en la presente pol\u00edtica. <strong>(viii)<\/strong> Insertar en la base de datos la leyenda \u201cinformaci\u00f3n en discusi\u00f3n judicial\u201d una vez notificado por parte de la autoridad competente sobre procesos judiciales relacionados con la calidad del dato personal. <strong>(ix)<\/strong> Abstenerse de circular informaci\u00f3n que est\u00e9 siendo controvertida por el titular y cuyo bloqueo haya sido ordenado por la Superintendencia de Industria y Comercio. <strong>(x)<\/strong> Permitir el acceso a la informaci\u00f3n \u00fanicamente a las personas autorizadas por el titular o facultadas por la ley para dicho efecto. <strong>(xi)<\/strong> Informar a la Superintendencia de Industria y Comercio cuando se presenten violaciones a los c\u00f3digos de seguridad y existan riesgos en la administraci\u00f3n de la informaci\u00f3n de los titulares. <strong>(xii)<\/strong> Cumplir las instrucciones y requerimientos que imparta la Superintendencia de Industria y Comercio. <strong>C.<\/strong> Deberes cuando realiza el tratamiento a trav\u00e9s de un Encargado <strong>(i)<\/strong> Suministrar al Encargado del tratamiento \u00fanicamente los datos personales cuyo tratamiento est\u00e9 previamente autorizado. Para efectos de la transmisi\u00f3n nacional o internacional de los datos se deber\u00e1 suscribir un contrato de transmisi\u00f3n de datos personales o pactar cl\u00e1usulas contractuales seg\u00fan lo establecido en el art\u00edculo 25 del decreto 1377 de 2013. <strong>(ii)<\/strong> Garantizar que la informaci\u00f3n que se suministre al Encargado del tratamiento sea veraz, completa, exacta, actualizada, comprobable y comprensible. <strong>(iii)<\/strong> Comunicar de forma oportuna al Encargado del tratamiento todas las novedades respecto de los datos que previamente le haya suministrado y adoptar las dem\u00e1s medidas necesarias para que la informaci\u00f3n suministrada a este se mantenga actualizada. <strong>(iv)<\/strong> Informar de manera oportuna al Encargado del tratamiento las rectificaciones realizadas sobre los datos personales para que \u00e9ste proceda a realizar los ajustes pertinentes. <strong>(v)<\/strong> Exigir al Encargado del tratamiento, en todo momento, el respeto a las condiciones de seguridad y privacidad de la informaci\u00f3n del titular. <strong>(vi)<\/strong> Informar al Encargado del tratamiento cuando determinada informaci\u00f3n se encuentre en discusi\u00f3n por parte del titular, una vez se haya presentado la reclamaci\u00f3n y no haya finalizado el tr\u00e1mite respectivo. D. Deberes respecto de la Superintendencia de Industria y Comercio <strong>(i)<\/strong> Informarle las eventuales violaciones a los c\u00f3digos de seguridad y la existencia de riesgos en la administraci\u00f3n de la informaci\u00f3n de los titulares. <strong>(ii)<\/strong> Cumplir las instrucciones y requerimientos que imparta la Superintendencia de Industria y Comercio.<\/p>\n<p><strong>9. SOLICITUD DE AUTORIZACI\u00d3N AL TITULAR DEL DATO PERSONAL:<\/strong> Con antelaci\u00f3n y\/o al momento de efectuar la recolecci\u00f3n del dato personal, la empresa <strong>C.I. ALMASEG S.A.<\/strong> solicitar\u00e1 al titular del dato su autorizaci\u00f3n para efectuar su recolecci\u00f3n y tratamiento, indicando la finalidad para la cual se solicita el dato, utilizando para esos efectos medios t\u00e9cnicos automatizados, escritos u orales, que permitan conservar prueba de la autorizaci\u00f3n y\/o de la conducta inequ\u00edvoca descrita en el art\u00edculo 7 del Decreto 1377 de 2013. Dicha autorizaci\u00f3n se solicitar\u00e1 por el tiempo que sea razonable y necesario para satisfacer las necesidades que dieron origen a la solicitud del dato y, en todo caso, con observancia de las disposiciones legales que rigen sobre la materia.<\/p>\n<p><strong>10. AVISO DE PRIVACIDAD:<\/strong> En el evento en el que la empresa <strong>C.I. ALMASEG S.A.<\/strong> no pueda poner a disposici\u00f3n del titular del dato personal la presente pol\u00edtica de tratamiento de la informaci\u00f3n, publicar\u00e1 el aviso de privacidad que se adjunta al presente documento, cuyo texto conservar\u00e1 para consulta posterior por parte del titular del dato y\/o de la Superintendencia de Industria y Comercio.<\/p>\n<p><strong>11. LIMITACIONES TEMPORALES AL TRATAMIENTO DE LOS DATOS PERSONALES.<\/strong> La empresa <strong>C.I. <\/strong><strong>ALMASEG S.A.<\/strong> solo podr\u00e1 recolectar, almacenar, usar o circular los datos personales durante el tiempo que sea razonable y necesario, de acuerdo con las finalidades que justificaron el tratamiento, atendiendo a las disposiciones aplicables a la materia de que se trate y a los aspectos administrativos, contables, fiscales, jur\u00eddicos e hist\u00f3ricos de la informaci\u00f3n. Una vez cumplida la o las finalidades del tratamiento y sin perjuicio de normas legales que dispongan lo contrario, proceder\u00e1 a la supresi\u00f3n de los datos personales en su posesi\u00f3n. No obstante, los datos personales deber\u00e1n ser conservados cuando as\u00ed se requiera para el cumplimiento de una obligaci\u00f3n legal o contractual.<\/p>\n<p><strong>12. \u00c1REA RESPONSABLE Y PROCEDIMIENTO PARA EL EJERCICIO DE LOS DERECHOS DE LOS <\/strong><strong>TITULARES DEL DATO PERSONAL:<\/strong> La administraci\u00f3n ser\u00e1 la responsable de atender las peticiones, quejas y reclamos que formule el titular del dato en ejercicio de los derechos contemplados en el numeral 7 de la presente pol\u00edtica, a excepci\u00f3n del descrito en su literal e). Para tales efectos, el titular del dato personal o quien ejerza su representaci\u00f3n podr\u00e1 enviar su petici\u00f3n, queja o reclamo de lunes a viernes de 8:00 a.m. a 5:00 p.m. al correo electr\u00f3nico CIALMASEG@HOTMAIL.COM, llamar a la l\u00ednea telef\u00f3nica 444 53 71 o radicarla en la siguiente direcci\u00f3n correspondiente a nuestra oficina en CALLE 12 SUR No 51-25 Medell\u00edn &#8211; Antioquia. La petici\u00f3n, queja o reclamo deber\u00e1 contener la identificaci\u00f3n del Titular, la descripci\u00f3n de los hechos que dan lugar al reclamo, la direcci\u00f3n, y acompa\u00f1ando los documentos que se quiera hacer valer. Si el reclamo resulta incompleto, se requerir\u00e1 al interesado dentro de los cinco (5) d\u00edas siguientes a la recepci\u00f3n del reclamo para que subsane las fallas. Transcurridos dos (2) meses desde la fecha del requerimiento, sin que el solicitante presente la informaci\u00f3n requerida, se entender\u00e1 que ha desistido del reclamo. En caso de que quien reciba el reclamo no sea competente para resolverlo, dar\u00e1 traslado a quien corresponda en un t\u00e9rmino m\u00e1ximo de dos (2) d\u00edas h\u00e1biles e informar\u00e1 de la situaci\u00f3n al interesado. Una vez recibido el reclamo completo, se incluir\u00e1 en la base de datos una leyenda que diga \u201creclamo en tr\u00e1mite\u201d y el motivo del mismo, en un t\u00e9rmino no mayor a dos (2) d\u00edas h\u00e1biles. Dicha leyenda deber\u00e1 mantenerse hasta que el reclamo sea decidido. El t\u00e9rmino m\u00e1ximo para atender el reclamo ser\u00e1 de quince (15) d\u00edas h\u00e1biles contados a partir del d\u00eda siguiente a la fecha de su recibo. Cuando no fuere posible atender el reclamo dentro de dicho t\u00e9rmino, se informar\u00e1 al interesado los motivos de la demora y la fecha en que se atender\u00e1 su reclamo, la cual en ning\u00fan caso podr\u00e1 superar los ocho (8) d\u00edas h\u00e1biles siguientes al vencimiento del primer t\u00e9rmino. Si se trata de una consulta, esta ser\u00e1 atendida en un t\u00e9rmino m\u00e1ximo de diez (10) d\u00edas h\u00e1biles contados a partir de la fecha de recibo de la misma. Cuando no fuere posible atender la consulta dentro de dicho t\u00e9rmino, se informar\u00e1 al interesado, expresando los motivos de la demora y se\u00f1alando la fecha en que se atender\u00e1 su consulta, la cual en ning\u00fan caso podr\u00e1 superar los cinco (5) d\u00edas h\u00e1biles siguientes al vencimiento del primer t\u00e9rmino.<\/p>\n<p><strong>13. MEDIDAS DE SEGURIDAD:<\/strong> En desarrollo del principio de seguridad establecido en la Ley 1581 de 2012, la empresa <strong>C.I. ALMASEG S.A.<\/strong>, adoptar\u00e1 las medidas t\u00e9cnicas, humanas y administrativas que sean necesarias para otorgar seguridad a los registros evitando su adulteraci\u00f3n, p\u00e9rdida, consulta, uso o acceso no autorizado o fraudulento. El personal que realice el tratamiento de los datos personales ejecutar\u00e1 los protocolos establecidos con el fin de garantizar la seguridad de la informaci\u00f3n.<\/p>\n<p><strong>14. FECHA DE ENTRADA EN VIGENCIA:<\/strong> La presente Pol\u00edtica de Datos Personales fue creada en el mes de Noviembre, y entrar\u00e1 en vigencia a partir del mismo mes. Cualquier cambio que se presente respecto de la presente pol\u00edtica, se informar\u00e1 a trav\u00e9s de la direcci\u00f3n electr\u00f3nica: cialmaseg@hotmail.com<\/p>\n<p>\u00a0<\/p>\n<p>Atentamente,<\/p>\n<p><strong>GUILLERMO DE JESUS OCHOA ARANGO<\/strong><br \/><strong>Representante legal CI ALMASEG SA<\/strong><\/p>\n\n\n","protected":false},"excerpt":{"rendered":"<p>\u00a0 1. NORMATIVIDAD LEGAL Y \u00c1MBITO DE APLICACI\u00d3N: La presente pol\u00edtica de Tratamiento de datos personales es elaborada de conformidad con lo dispuesto en la Constituci\u00f3n Pol\u00edtica, la Ley 1581 de 2012, el Decreto Reglamentario 1377 de 2013 y dem\u00e1s disposiciones complementarias y ser\u00e1 aplicada a la empresa C.I. ALMASEG S.A. respecto de la recolecci\u00f3n, almacenamiento, uso, circulaci\u00f3n, supresi\u00f3n y [&hellip;]<\/p>\n","protected":false},"author":1,"featured_media":0,"parent":0,"menu_order":0,"comment_status":"closed","ping_status":"closed","template":"","meta":{"footnotes":""},"class_list":["post-369","page","type-page","status-publish","hentry"],"_links":{"self":[{"href":"https:\/\/cialmaseg.com\/en\/wp-json\/wp\/v2\/pages\/369","targetHints":{"allow":["GET"]}}],"collection":[{"href":"https:\/\/cialmaseg.com\/en\/wp-json\/wp\/v2\/pages"}],"about":[{"href":"https:\/\/cialmaseg.com\/en\/wp-json\/wp\/v2\/types\/page"}],"author":[{"embeddable":true,"href":"https:\/\/cialmaseg.com\/en\/wp-json\/wp\/v2\/users\/1"}],"replies":[{"embeddable":true,"href":"https:\/\/cialmaseg.com\/en\/wp-json\/wp\/v2\/comments?post=369"}],"version-history":[{"count":6,"href":"https:\/\/cialmaseg.com\/en\/wp-json\/wp\/v2\/pages\/369\/revisions"}],"predecessor-version":[{"id":377,"href":"https:\/\/cialmaseg.com\/en\/wp-json\/wp\/v2\/pages\/369\/revisions\/377"}],"wp:attachment":[{"href":"https:\/\/cialmaseg.com\/en\/wp-json\/wp\/v2\/media?parent=369"}],"curies":[{"name":"wp","href":"https:\/\/api.w.org\/{rel}","templated":true}]}}