{"id":9,"date":"2015-11-26T03:17:58","date_gmt":"2015-11-26T03:17:58","guid":{"rendered":"http:\/\/cialmaseg.com\/?page_id=9"},"modified":"2022-12-06T13:53:47","modified_gmt":"2022-12-06T13:53:47","slug":"productos","status":"publish","type":"page","link":"https:\/\/cialmaseg.com\/en\/products","title":{"rendered":"PRODUCTS"},"content":{"rendered":"<!-- START Slider 1 REVOLUTION SLIDER 6.6.7 --><p class=\"rs-p-wp-fix\"><\/p>\n\t\t\t<rs-module-wrap id=\"rev_slider_10_1_wrapper\" data-source=\"gallery\" style=\"visibility:hidden;background:transparent;padding:0;margin:0px auto;margin-top:0;margin-bottom:0;\">\n\t\t\t\t<rs-module id=\"rev_slider_10_1\" style=\"\" data-version=\"6.6.7\">\n\t\t\t\t\t<rs-slides style=\"overflow: hidden; position: absolute;\">\n\t\t\t\t\t\t<rs-slide style=\"position: absolute;\" data-key=\"rs-16\" data-title=\"Slide\" data-thumb=\"\/\/cialmaseg.com\/wp-content\/uploads\/2022\/12\/IMG_0380-50x100.jpg\" data-in=\"o:0;\" data-out=\"a:false;\">\n\t\t\t\t\t\t\t<img decoding=\"async\" src=\"\/\/cialmaseg.com\/wp-content\/plugins\/revslider\/public\/assets\/assets\/dummy.png\" alt=\"\" title=\"IMG_0380\" width=\"1900\" height=\"1267\" class=\"rev-slidebg tp-rs-img rs-lazyload\" data-lazyload=\"\/\/cialmaseg.com\/wp-content\/uploads\/2022\/12\/IMG_0380.jpg\" data-no-retina>\n<!---->\t\t\t\t\t\t<\/rs-slide>\n\t\t\t\t\t\t<rs-slide style=\"position: absolute;\" data-key=\"rs-17\" data-title=\"Slide\" data-thumb=\"\/\/cialmaseg.com\/wp-content\/uploads\/2022\/12\/IMG_0220-50x100.jpg\" data-in=\"o:0;\" data-out=\"a:false;\">\n\t\t\t\t\t\t\t<img decoding=\"async\" src=\"\/\/cialmaseg.com\/wp-content\/plugins\/revslider\/public\/assets\/assets\/dummy.png\" alt=\"\" title=\"IMG_0220\" width=\"1900\" height=\"1267\" class=\"rev-slidebg tp-rs-img rs-lazyload\" data-lazyload=\"\/\/cialmaseg.com\/wp-content\/uploads\/2022\/12\/IMG_0220.jpg\" data-no-retina>\n<!---->\t\t\t\t\t\t<\/rs-slide>\n\t\t\t\t\t\t<rs-slide style=\"position: absolute;\" data-key=\"rs-18\" data-title=\"Slide\" data-thumb=\"\/\/cialmaseg.com\/wp-content\/uploads\/2022\/12\/IMG_0185-scaled-50x100.jpg\" data-in=\"o:0;\" data-out=\"a:false;\">\n\t\t\t\t\t\t\t<img decoding=\"async\" src=\"\/\/cialmaseg.com\/wp-content\/plugins\/revslider\/public\/assets\/assets\/dummy.png\" alt=\"\" title=\"IMG_0185\" width=\"1707\" height=\"2560\" class=\"rev-slidebg tp-rs-img rs-lazyload\" data-lazyload=\"\/\/cialmaseg.com\/wp-content\/uploads\/2022\/12\/IMG_0185-scaled.jpg\" data-no-retina>\n<!---->\t\t\t\t\t\t<\/rs-slide>\n\t\t\t\t\t\t<rs-slide style=\"position: absolute;\" data-key=\"rs-19\" data-title=\"Slide\" data-thumb=\"\/\/cialmaseg.com\/wp-content\/uploads\/2022\/12\/IMG_0173-50x100.jpg\" data-in=\"o:0;\" data-out=\"a:false;\">\n\t\t\t\t\t\t\t<img decoding=\"async\" src=\"\/\/cialmaseg.com\/wp-content\/plugins\/revslider\/public\/assets\/assets\/dummy.png\" alt=\"\" title=\"IMG_0173\" width=\"1900\" height=\"1267\" class=\"rev-slidebg tp-rs-img rs-lazyload\" data-lazyload=\"\/\/cialmaseg.com\/wp-content\/uploads\/2022\/12\/IMG_0173.jpg\" data-no-retina>\n<!---->\t\t\t\t\t\t<\/rs-slide>\n\t\t\t\t\t\t<rs-slide style=\"position: absolute;\" data-key=\"rs-20\" data-title=\"Slide\" data-thumb=\"\/\/cialmaseg.com\/wp-content\/uploads\/2022\/12\/IMG_0170-50x100.jpg\" data-in=\"o:0;\" data-out=\"a:false;\">\n\t\t\t\t\t\t\t<img decoding=\"async\" src=\"\/\/cialmaseg.com\/wp-content\/plugins\/revslider\/public\/assets\/assets\/dummy.png\" alt=\"\" title=\"IMG_0170\" width=\"1900\" height=\"1267\" class=\"rev-slidebg tp-rs-img rs-lazyload\" data-lazyload=\"\/\/cialmaseg.com\/wp-content\/uploads\/2022\/12\/IMG_0170.jpg\" data-no-retina>\n<!---->\t\t\t\t\t\t<\/rs-slide>\n\t\t\t\t\t\t<rs-slide style=\"position: absolute;\" data-key=\"rs-21\" data-title=\"Slide\" data-thumb=\"\/\/cialmaseg.com\/wp-content\/uploads\/2022\/12\/IMG_0027-scaled-50x100.jpg\" data-in=\"o:0;\" data-out=\"a:false;\">\n\t\t\t\t\t\t\t<img decoding=\"async\" src=\"\/\/cialmaseg.com\/wp-content\/plugins\/revslider\/public\/assets\/assets\/dummy.png\" alt=\"\" title=\"IMG_0027\" width=\"1707\" height=\"2560\" class=\"rev-slidebg tp-rs-img rs-lazyload\" data-lazyload=\"\/\/cialmaseg.com\/wp-content\/uploads\/2022\/12\/IMG_0027-scaled.jpg\" data-no-retina>\n<!---->\t\t\t\t\t\t<\/rs-slide>\n\t\t\t\t\t\t<rs-slide style=\"position: absolute;\" data-key=\"rs-22\" data-title=\"productos2\" data-thumb=\"\/\/cialmaseg.com\/wp-content\/uploads\/2022\/12\/IMG_0026-1-50x100.jpg\" data-in=\"o:0;\" data-out=\"a:false;\">\n\t\t\t\t\t\t\t<img decoding=\"async\" src=\"\/\/cialmaseg.com\/wp-content\/plugins\/revslider\/public\/assets\/assets\/dummy.png\" alt=\"\" title=\"IMG_0026\" width=\"1900\" height=\"1266\" class=\"rev-slidebg tp-rs-img rs-lazyload\" data-lazyload=\"\/\/cialmaseg.com\/wp-content\/uploads\/2022\/12\/IMG_0026-1.jpg\" data-no-retina>\n<!---->\t\t\t\t\t\t<\/rs-slide>\n\t\t\t\t\t<\/rs-slides>\n\t\t\t\t<\/rs-module>\n\t\t\t\t<script>\n\t\t\t\t\tsetREVStartSize({c: 'rev_slider_10_1',rl:[1240,1024,778,480],el:[400],gw:[1240],gh:[400],type:'standard',justify:'',layout:'fullwidth',mh:\"0\"});if (window.RS_MODULES!==undefined && window.RS_MODULES.modules!==undefined && window.RS_MODULES.modules[\"revslider101\"]!==undefined) {window.RS_MODULES.modules[\"revslider101\"].once = false;window.revapi10 = undefined;if (window.RS_MODULES.checkMinimal!==undefined) window.RS_MODULES.checkMinimal()}\n\t\t\t\t<\/script>\n\t\t\t<\/rs-module-wrap>\n\t\t\t<!-- END REVOLUTION SLIDER -->\n\n\n\n\n<div style=\"height:47px\" aria-hidden=\"true\" class=\"wp-block-spacer\"><\/div>\n\n\n<table style=\"border-collapse: collapse; width: 100%; margin-left: 19px;\">\n<tbody>\n<tr>\n<td style=\"width: 31.6666%;\">\n<ul>\n<li>Cobre Rojo<\/li>\n<li>Cobre Amarillo<\/li>\n<li>Aluminio Grueso<\/li>\n<li>Aluminio Perfil<\/li>\n<li>Aluminio Olla<\/li>\n<li>Aluminio Pist\u00f3n<\/li>\n<li>Aluminio Sucio<\/li>\n<li>Plomo<\/li>\n<li>Limalla Aluminio<\/li>\n<li>Limalla Cobre<\/li>\n<li>Antimoni<\/li>\n<\/ul>\n<\/td>\n<td style=\"width: 35%;\">\n<ul>\n<li>Radiador Cobre<\/li>\n<li>Radiador Aluminio<\/li>\n<li>Acero Magn\u00e9tico<\/li>\n<li>Hierro Gris<\/li>\n<li>Scra<\/li>\n<li>Lamina Offset<\/li>\n<li>Acero Antimagn\u00e9tico<\/li>\n<li>Chatarra<\/li>\n<li>Cold Rolled<\/li>\n<li>Persiana<\/li>\n<\/ul>\n<\/td>\n<td style=\"width: 33.3333%;\">\n<ul>\n<li>Radiograf\u00eda<\/li>\n<li>Resistencia<\/li>\n<li>Karla<\/li>\n<li>N\u00edkel<\/li>\n<li>Tuber\u00edas<\/li>\n<li>Laminas<\/li>\n<li>Perfilar\u00eda en acero<\/li>\n<li>Hierro para construcci\u00f3n<\/li>\n<li>Soldadura<\/li>\n<li>Arquitectura met\u00e1lica<\/li>\n<\/ul>\n<\/td>\n<\/tr>\n<\/tbody>\n<\/table>\n<div class=\"row\">\n\t<div class=\"wpb_content_element wpb_single_image noframe span4\">\n\t\t<div class=\"wpb_wrapper\"><figure class=\"clearfix\">\n\t\t\t<img loading=\"lazy\" decoding=\"async\" width=\"229\" height=\"244\" src=\"https:\/\/cialmaseg.com\/wp-content\/uploads\/2015\/11\/productos1.png\" class=\"attachment-medium size-medium\" alt=\"\" title=\"productos1\" \/><\/figure>\n\t\t<\/div> \n\t<\/div>  \n\t<div class=\"wpb_content_element wpb_single_image noframe span4\">\n\t\t<div class=\"wpb_wrapper\"><figure class=\"clearfix\">\n\t\t\t<img loading=\"lazy\" decoding=\"async\" width=\"229\" height=\"244\" src=\"https:\/\/cialmaseg.com\/wp-content\/uploads\/2015\/11\/productos3.png\" class=\"attachment-medium size-medium\" alt=\"\" title=\"productos3\" \/><\/figure>\n\t\t<\/div> \n\t<\/div> <\/div>\n <div class=\"row\">\n\t<div class=\"wpb_accordion wpb_content_element span4 not-column-inherit\" data-active=\"\">\n\t\t<div class=\"wpb_wrapper wpb_accordion_wrapper \">\n\t\t\t \n\t\t\t<div class=\"wpb_accordion_section group\">\n\t\t\t\t<h3><a href=\"#\">Products<\/a><\/h3>\n\t\t\t\t<div class=\"row-fluid\">\n\t\t\t\t <div class=\"row\">\n\t<div class=\"wpb_content_element span8 wpb_text_column\">\n\t\t<div class=\"wpb_wrapper clearfix\">\n\t\t\t\n<p>Red copper<\/p>\n<p>brass<\/p>\n<p>Thick aluminum<\/p>\n<p>Profile aluminum<\/p>\n<p>Pot aluminum<\/p>\n<p>Piston aluminum<\/p>\n<p>Dirty aluminum<\/p>\n<p>Lead<\/p>\n<p>Aluminium swarf<\/p>\n<p>Copper swarf<\/p>\n<p>Antimony<\/p>\n<p>Copper radiator<\/p>\n<p>Aluminum radiator<\/p>\n<p>Magnetic steel<\/p>\n<p>Gray Iron<\/p>\n<p>Scra<\/p>\n<p>Offset sheet<\/p>\n<p>Antimagnetic steel<\/p>\n<p>Scrap<\/p>\n<p>Cold Rolled<\/p>\n<p>Blind<\/p>\n<p>Bone scan<\/p>\n<p>Resistance<\/p>\n<p>Karla<\/p>\n<p>Niquel<\/p>\n\n\t\t<\/div> \n\t<\/div> <\/div>\n \n\t\t\t\t<\/div>\n\t\t\t<\/div> \n \n\t\t<\/div> \n\t<\/div>  \n\t<div class=\"wpb_accordion wpb_content_element span4 not-column-inherit\" data-active=\"\">\n\t\t<div class=\"wpb_wrapper wpb_accordion_wrapper \">\n\t\t\t \n\t\t\t<div class=\"wpb_accordion_section group\">\n\t\t\t\t<h3><a href=\"#\">Products<\/a><\/h3>\n\t\t\t\t<div class=\"row-fluid\">\n\t\t\t\t <div class=\"row\">\n\t<div class=\"wpb_content_element span8 wpb_text_column\">\n\t\t<div class=\"wpb_wrapper clearfix\">\n\t\t\t\n<p>Pipelines<\/p>\n<p>sheets<\/p>\n<p>Perfileria steel<\/p>\n<p>Construction iron<\/p>\n<p>Welding<\/p>\n<p>metal Architecture<\/p>\n\n\t\t<\/div> \n\t<\/div> <\/div>\n \n\t\t\t\t<\/div>\n\t\t\t<\/div> \n \n\t\t<\/div> \n\t<\/div> <\/div>","protected":false},"excerpt":{"rendered":"<p>Cobre Rojo Cobre Amarillo Aluminio Grueso Aluminio Perfil Aluminio Olla Aluminio Pist\u00f3n Aluminio Sucio Plomo Limalla Aluminio Limalla Cobre Antimoni Radiador Cobre Radiador Aluminio Acero Magn\u00e9tico Hierro Gris Scra Lamina Offset Acero Antimagn\u00e9tico Chatarra Cold Rolled Persiana Radiograf\u00eda Resistencia Karla N\u00edkel Tuber\u00edas Laminas Perfilar\u00eda en acero Hierro para construcci\u00f3n Soldadura Arquitectura met\u00e1lica<\/p>\n","protected":false},"author":1,"featured_media":0,"parent":0,"menu_order":3,"comment_status":"closed","ping_status":"closed","template":"page-productos.php","meta":{"footnotes":""},"class_list":["post-9","page","type-page","status-publish","hentry"],"_links":{"self":[{"href":"https:\/\/cialmaseg.com\/en\/wp-json\/wp\/v2\/pages\/9","targetHints":{"allow":["GET"]}}],"collection":[{"href":"https:\/\/cialmaseg.com\/en\/wp-json\/wp\/v2\/pages"}],"about":[{"href":"https:\/\/cialmaseg.com\/en\/wp-json\/wp\/v2\/types\/page"}],"author":[{"embeddable":true,"href":"https:\/\/cialmaseg.com\/en\/wp-json\/wp\/v2\/users\/1"}],"replies":[{"embeddable":true,"href":"https:\/\/cialmaseg.com\/en\/wp-json\/wp\/v2\/comments?post=9"}],"version-history":[{"count":41,"href":"https:\/\/cialmaseg.com\/en\/wp-json\/wp\/v2\/pages\/9\/revisions"}],"predecessor-version":[{"id":430,"href":"https:\/\/cialmaseg.com\/en\/wp-json\/wp\/v2\/pages\/9\/revisions\/430"}],"wp:attachment":[{"href":"https:\/\/cialmaseg.com\/en\/wp-json\/wp\/v2\/media?parent=9"}],"curies":[{"name":"wp","href":"https:\/\/api.w.org\/{rel}","templated":true}]}}